{"id":6087,"date":"2026-02-26T02:37:04","date_gmt":"2026-02-26T01:37:04","guid":{"rendered":"https:\/\/labileofficial.com\/?post_type=product&#038;p=6087"},"modified":"2026-03-03T04:30:37","modified_gmt":"2026-03-03T03:30:37","slug":"collana-helios","status":"publish","type":"product","link":"https:\/\/labileofficial.com\/en\/product\/collana-helios\/","title":{"rendered":"COLLANA HELIOS"},"content":{"rendered":"\t\t<div data-elementor-type=\"wp-post\" data-elementor-id=\"6087\" class=\"elementor elementor-6087\">\n\t\t\t\t\t\t<section class=\"elementor-section elementor-top-section elementor-element elementor-element-9a45b61 elementor-section-boxed elementor-section-height-default elementor-section-height-default\" data-id=\"9a45b61\" data-element_type=\"section\" data-e-type=\"section\">\n\t\t\t\t\t\t<div class=\"elementor-container elementor-column-gap-default\">\n\t\t\t\t\t<div class=\"elementor-column elementor-col-50 elementor-top-column elementor-element elementor-element-30aa7fb\" data-id=\"30aa7fb\" data-element_type=\"column\" data-e-type=\"column\">\n\t\t\t<div class=\"elementor-widget-wrap elementor-element-populated\">\n\t\t\t\t\t\t<div class=\"elementor-element elementor-element-ac70549 elementor-widget elementor-widget-text-editor\" data-id=\"ac70549\" data-element_type=\"widget\" data-e-type=\"widget\" data-widget_type=\"text-editor.default\">\n\t\t\t\t<div class=\"elementor-widget-container\">\n\t\t\t\t\t\t\t\t\t<p><strong>Collana Helios<\/strong> &#8211; La forgia ardente<br \/>Dall\u2019impatto del primo sole sulle montagne di Titanis nasce Helios: la sua energia pi\u00f9 viva, pi\u00f9 calda, pi\u00f9 audace.<br \/>Helios \u00e8 trasformazione e volont\u00e0: la brace che resta accesa, il coraggio di chi riparte e plasma il proprio cammino.<br \/>Il suo tono bronzeo richiama la forza creatrice del giorno, la presenza di chi sceglie di brillare.<\/p>\t\t\t\t\t\t\t\t<\/div>\n\t\t\t\t<\/div>\n\t\t\t\t<div class=\"elementor-element elementor-element-545b9b9 elementor-widget elementor-widget-text-editor\" data-id=\"545b9b9\" data-element_type=\"widget\" data-e-type=\"widget\" data-widget_type=\"text-editor.default\">\n\t\t\t\t<div class=\"elementor-widget-container\">\n\t\t\t\t\t\t\t\t\t<h5>PRODUCT DETAILS<\/h5><ul><li><span lang=\"it\">Made in Italy<\/span><\/li><li>Ottone placcato oro 18kt<\/li><\/ul><p>Ogni nostro gioiello \u00e8 <strong>realizzato a mano<\/strong>, rendendo ciascun pezzo <strong>unico nel suo genere<\/strong>. Lavorato artigianalmente, pu\u00f2 presentare lievi differenze che ne esaltano l&#8217;autenticit\u00e0 e la bellezza distintiva.<\/p>\t\t\t\t\t\t\t\t<\/div>\n\t\t\t\t<\/div>\n\t\t\t\t\t<\/div>\n\t\t<\/div>\n\t\t\t\t<div class=\"elementor-column elementor-col-50 elementor-top-column elementor-element elementor-element-c69f8fa\" data-id=\"c69f8fa\" data-element_type=\"column\" data-e-type=\"column\">\n\t\t\t<div class=\"elementor-widget-wrap elementor-element-populated\">\n\t\t\t\t\t\t<div class=\"elementor-element elementor-element-20f6ee3 elementor-widget elementor-widget-image\" data-id=\"20f6ee3\" data-element_type=\"widget\" data-e-type=\"widget\" data-widget_type=\"image.default\">\n\t\t\t\t<div class=\"elementor-widget-container\">\n\t\t\t\t\t\t\t\t\t\t\t\t\t\t\t<img fetchpriority=\"high\" decoding=\"async\" width=\"670\" height=\"490\" src=\"https:\/\/labileofficial.com\/wp-content\/uploads\/2026\/02\/helios.jpg\" class=\"attachment-large size-large wp-image-6101\" alt=\"\" srcset=\"https:\/\/labileofficial.com\/wp-content\/uploads\/2026\/02\/helios.jpg 670w, https:\/\/labileofficial.com\/wp-content\/uploads\/2026\/02\/helios-480x351.jpg 480w\" sizes=\"(max-width: 670px) 100vw, 670px\" \/>\t\t\t\t\t\t\t\t\t\t\t\t\t\t\t<\/div>\n\t\t\t\t<\/div>\n\t\t\t\t\t<\/div>\n\t\t<\/div>\n\t\t\t\t\t<\/div>\n\t\t<\/section>\n\t\t\t\t<section class=\"elementor-section elementor-top-section elementor-element elementor-element-fc4786a elementor-section-boxed elementor-section-height-default elementor-section-height-default\" data-id=\"fc4786a\" data-element_type=\"section\" data-e-type=\"section\">\n\t\t\t\t\t\t<div class=\"elementor-container elementor-column-gap-default\">\n\t\t\t\t\t<div class=\"elementor-column elementor-col-100 elementor-top-column elementor-element elementor-element-8726bd6\" data-id=\"8726bd6\" data-element_type=\"column\" data-e-type=\"column\">\n\t\t\t<div class=\"elementor-widget-wrap elementor-element-populated\">\n\t\t\t\t\t\t<div class=\"elementor-element elementor-element-3d47814 elementor-widget elementor-widget-image\" data-id=\"3d47814\" data-element_type=\"widget\" data-e-type=\"widget\" data-widget_type=\"image.default\">\n\t\t\t\t<div class=\"elementor-widget-container\">\n\t\t\t\t\t\t\t\t\t\t\t\t\t\t\t<img decoding=\"async\" width=\"1370\" height=\"600\" src=\"https:\/\/labileofficial.com\/wp-content\/uploads\/2025\/01\/OMPB21.jpg\" class=\"attachment-full size-full wp-image-1593\" alt=\"\" srcset=\"https:\/\/labileofficial.com\/wp-content\/uploads\/2025\/01\/OMPB21.jpg 1370w, https:\/\/labileofficial.com\/wp-content\/uploads\/2025\/01\/OMPB21-480x210.jpg 480w, https:\/\/labileofficial.com\/wp-content\/uploads\/2025\/01\/OMPB21-1024x448.jpg 1024w, https:\/\/labileofficial.com\/wp-content\/uploads\/2025\/01\/OMPB21-768x336.jpg 768w, https:\/\/labileofficial.com\/wp-content\/uploads\/2025\/01\/OMPB21-800x350.jpg 800w\" sizes=\"(max-width: 1370px) 100vw, 1370px\" \/>\t\t\t\t\t\t\t\t\t\t\t\t\t\t\t<\/div>\n\t\t\t\t<\/div>\n\t\t\t\t\t<\/div>\n\t\t<\/div>\n\t\t\t\t\t<\/div>\n\t\t<\/section>\n\t\t\t\t<section class=\"elementor-section elementor-top-section elementor-element elementor-element-f36d449 elementor-reverse-mobile elementor-section-boxed elementor-section-height-default elementor-section-height-default\" data-id=\"f36d449\" data-element_type=\"section\" data-e-type=\"section\">\n\t\t\t\t\t\t<div class=\"elementor-container elementor-column-gap-default\">\n\t\t\t\t\t<div class=\"elementor-column elementor-col-100 elementor-top-column elementor-element elementor-element-35725e0\" data-id=\"35725e0\" data-element_type=\"column\" data-e-type=\"column\">\n\t\t\t<div class=\"elementor-widget-wrap elementor-element-populated\">\n\t\t\t\t\t\t<div class=\"elementor-element elementor-element-67588d9 elementor-widget elementor-widget-shortcode\" data-id=\"67588d9\" data-element_type=\"widget\" data-e-type=\"widget\" data-widget_type=\"shortcode.default\">\n\t\t\t\t<div class=\"elementor-widget-container\">\n\t\t\t\t\t\t\t<div class=\"elementor-shortcode\"><div class=\"pls-block pls-block-4021\">\t\t<div data-elementor-type=\"wp-post\" data-elementor-id=\"4021\" class=\"elementor elementor-4021 elementor-1753 elementor-1753\">\n\t\t\t\t\t\t<section class=\"elementor-section elementor-top-section elementor-element elementor-element-e87e794 elementor-reverse-mobile elementor-section-boxed elementor-section-height-default elementor-section-height-default\" data-id=\"e87e794\" data-element_type=\"section\" data-e-type=\"section\">\n\t\t\t\t\t\t<div class=\"elementor-container elementor-column-gap-default\">\n\t\t\t\t\t<div class=\"elementor-column elementor-col-100 elementor-top-column elementor-element elementor-element-8c370cc\" data-id=\"8c370cc\" data-element_type=\"column\" data-e-type=\"column\">\n\t\t\t<div class=\"elementor-widget-wrap elementor-element-populated\">\n\t\t\t\t\t\t<div class=\"elementor-element elementor-element-c6698f3 elementor-widget elementor-widget-pls-heading\" data-id=\"c6698f3\" data-element_type=\"widget\" data-e-type=\"widget\" data-widget_type=\"pls-heading.default\">\n\t\t\t\t<div class=\"elementor-widget-container\">\n\t\t\t\t\t<div id=\"pls-header-42758\" class=\"pls-element pls-heading pls-text-center separator-none\">\t\n\t\t\t\n\t\t\t<div class=\"heading-wrap\">\n\t\t\t<span class=\"separator-left\"><\/span>\n\t\t\t<h1 class=\"heading-title\">TITANIS LINE<\/h1>\t\t\t<span class=\"separator-right\"><\/span>\n\t\t\t\t\t<\/div>\n\t\t\n    <\/div>\t\t\t\t<\/div>\n\t\t\t\t<\/div>\n\t\t\t\t\t<\/div>\n\t\t<\/div>\n\t\t\t\t\t<\/div>\n\t\t<\/section>\n\t\t\t\t<section class=\"elementor-section elementor-top-section elementor-element elementor-element-e361240 elementor-reverse-mobile elementor-section-boxed elementor-section-height-default elementor-section-height-default\" data-id=\"e361240\" data-element_type=\"section\" data-e-type=\"section\">\n\t\t\t\t\t\t<div class=\"elementor-container elementor-column-gap-default\">\n\t\t\t\t\t<div class=\"elementor-column elementor-col-50 elementor-top-column elementor-element elementor-element-3113010\" data-id=\"3113010\" data-element_type=\"column\" data-e-type=\"column\">\n\t\t\t<div class=\"elementor-widget-wrap elementor-element-populated\">\n\t\t\t\t\t\t<div class=\"elementor-element elementor-element-4a76cc0 elementor-widget elementor-widget-image\" data-id=\"4a76cc0\" data-element_type=\"widget\" data-e-type=\"widget\" data-widget_type=\"image.default\">\n\t\t\t\t<div class=\"elementor-widget-container\">\n\t\t\t\t\t\t\t\t\t\t\t\t\t\t\t<img decoding=\"async\" width=\"576\" height=\"576\" src=\"https:\/\/labileofficial.com\/wp-content\/uploads\/2025\/01\/catene-576x576.jpg\" class=\"attachment-large size-large wp-image-2333\" alt=\"\" srcset=\"https:\/\/labileofficial.com\/wp-content\/uploads\/2025\/01\/catene-576x576.jpg 576w, https:\/\/labileofficial.com\/wp-content\/uploads\/2025\/01\/catene-360x360.jpg 360w, https:\/\/labileofficial.com\/wp-content\/uploads\/2025\/01\/catene-150x150.jpg 150w, https:\/\/labileofficial.com\/wp-content\/uploads\/2025\/01\/catene-768x768.jpg 768w, https:\/\/labileofficial.com\/wp-content\/uploads\/2025\/01\/catene-1536x1536.jpg 1536w, https:\/\/labileofficial.com\/wp-content\/uploads\/2025\/01\/catene-650x650.jpg 650w, https:\/\/labileofficial.com\/wp-content\/uploads\/2025\/01\/catene-1300x1300.jpg 1300w, https:\/\/labileofficial.com\/wp-content\/uploads\/2025\/01\/catene-800x800.jpg 800w, https:\/\/labileofficial.com\/wp-content\/uploads\/2025\/01\/catene-100x100.jpg 100w, https:\/\/labileofficial.com\/wp-content\/uploads\/2025\/01\/catene.jpg 2000w\" sizes=\"(max-width: 576px) 100vw, 576px\" \/>\t\t\t\t\t\t\t\t\t\t\t\t\t\t\t<\/div>\n\t\t\t\t<\/div>\n\t\t\t\t\t<\/div>\n\t\t<\/div>\n\t\t\t\t<div class=\"elementor-column elementor-col-50 elementor-top-column elementor-element elementor-element-98c1082\" data-id=\"98c1082\" data-element_type=\"column\" data-e-type=\"column\">\n\t\t\t<div class=\"elementor-widget-wrap elementor-element-populated\">\n\t\t\t\t\t\t<div class=\"elementor-element elementor-element-6d73998 elementor-widget elementor-widget-text-editor\" data-id=\"6d73998\" data-element_type=\"widget\" data-e-type=\"widget\" data-widget_type=\"text-editor.default\">\n\t\t\t\t<div class=\"elementor-widget-container\">\n\t\t\t\t\t\t\t\t\t<p><strong>TITANIS <br \/><\/strong><\/p><p>In the depths of time, when the world was still young and Time wove the threads of the universe, two primordial brothers were born, children of Time and Destiny. One of them was called <strong>Titanis<\/strong>, the guardian of the earth and strength, and <strong>Aurumare<\/strong>, the lord of the waters and change.<\/p><p><strong>Titanis<\/strong> was as firm as a mountain, his heart beating to the rhythm of rock and underground fire. He believed that true power lay in resilience, in stability, in never yielding to the storms of time. With his iron fist, he sculpted the chains that bound the earth, raised the mountains, and built the foundations of the world.<br \/>His intertwined rings are not just metal: they reflect unstoppable resistance, a bond that embodies the strength of untamable nature. Each link is like one mountain chained to another, a symbol of solidity and eternity.<br \/><br \/>Wearing <strong>Titanis<\/strong> means not just wearing a piece of jewelry. It means binding yourself to the spirit of the Titans, heirs to ancient power, challenging the limits imposed by time and man, and walking with the same unstoppable determination with which a river carves through stone.<br \/><br \/>Those who choose <strong>Titanis<\/strong> do not fear the weight of their own history but carry it with pride, knowing that true strength lies in the soul of the wearer. It is the symbol of those who rise after every fall, of those who face destiny with a steady gaze and hands ready to shape their own path.<br \/><br \/><strong>Titanis<\/strong> is not just a chain. It is a legacy, an oath of strength, a connection to the earth itself. It is the mark of those who do not break and become mountains.<\/p>\t\t\t\t\t\t\t\t<\/div>\n\t\t\t\t<\/div>\n\t\t\t\t\t<\/div>\n\t\t<\/div>\n\t\t\t\t\t<\/div>\n\t\t<\/section>\n\t\t\t\t<\/div>\n\t\t<\/div><\/div>\n\t\t\t\t\t\t<\/div>\n\t\t\t\t<\/div>\n\t\t\t\t\t<\/div>\n\t\t<\/div>\n\t\t\t\t\t<\/div>\n\t\t<\/section>\n\t\t\t\t<\/div>\n\t\t","protected":false},"excerpt":{"rendered":"<p>Helios \u00e8 la forgia ardente: trasformazione, coraggio, volont\u00e0 che spinge avanti.<\/p>\n","protected":false},"featured_media":6090,"template":"","meta":{"_acf_changed":false},"product_brand":[],"product_cat":[103,71,85,132],"product_tag":[],"class_list":{"0":"post-6087","1":"product","2":"type-product","3":"status-publish","4":"has-post-thumbnail","6":"product_cat-collane","7":"product_cat-collezioni","8":"product_cat-essentials","9":"product_cat-titanis","11":"first","12":"instock","13":"featured","14":"shipping-taxable","15":"purchasable","16":"product-type-variable","17":"has-default-attributes","18":"add-to-wishlist-after_add_to_cart"},"acf":[],"yoast_head":"<!-- This site is optimized with the Yoast SEO plugin v27.0 - https:\/\/yoast.com\/product\/yoast-seo-wordpress\/ -->\n<title>COLLANA HELIOS - Labile Official<\/title>\n<meta name=\"robots\" content=\"index, follow, max-snippet:-1, max-image-preview:large, max-video-preview:-1\" \/>\n<link rel=\"canonical\" href=\"https:\/\/labileofficial.com\/en\/product\/collana-helios\/\" \/>\n<meta property=\"og:locale\" content=\"en_US\" \/>\n<meta property=\"og:type\" content=\"article\" \/>\n<meta property=\"og:title\" content=\"COLLANA HELIOS - Labile Official\" \/>\n<meta property=\"og:description\" content=\"Helios \u00e8 la forgia ardente: trasformazione, coraggio, volont\u00e0 che spinge avanti.\" \/>\n<meta property=\"og:url\" content=\"https:\/\/labileofficial.com\/en\/product\/collana-helios\/\" \/>\n<meta property=\"og:site_name\" content=\"Labile Official\" \/>\n<meta property=\"article:modified_time\" content=\"2026-03-03T03:30:37+00:00\" \/>\n<meta property=\"og:image\" content=\"https:\/\/labileofficial.com\/wp-content\/uploads\/2026\/02\/collana-titanis-helios-01.jpg\" \/>\n\t<meta property=\"og:image:width\" content=\"2000\" \/>\n\t<meta property=\"og:image:height\" content=\"2000\" \/>\n\t<meta property=\"og:image:type\" content=\"image\/jpeg\" \/>\n<meta name=\"twitter:card\" content=\"summary_large_image\" \/>\n<meta name=\"twitter:label1\" content=\"Est. reading time\" \/>\n\t<meta name=\"twitter:data1\" content=\"2 minutes\" \/>\n<script type=\"application\/ld+json\" class=\"yoast-schema-graph\">{\"@context\":\"https:\/\/schema.org\",\"@graph\":[{\"@type\":\"WebPage\",\"@id\":\"https:\/\/labileofficial.com\/en\/product\/collana-helios\/\",\"url\":\"https:\/\/labileofficial.com\/en\/product\/collana-helios\/\",\"name\":\"COLLANA HELIOS - Labile Official\",\"isPartOf\":{\"@id\":\"https:\/\/labileofficial.com\/en\/#website\"},\"primaryImageOfPage\":{\"@id\":\"https:\/\/labileofficial.com\/en\/product\/collana-helios\/#primaryimage\"},\"image\":{\"@id\":\"https:\/\/labileofficial.com\/en\/product\/collana-helios\/#primaryimage\"},\"thumbnailUrl\":\"https:\/\/labileofficial.com\/wp-content\/uploads\/2026\/02\/collana-titanis-helios-01.jpg\",\"datePublished\":\"2026-02-26T01:37:04+00:00\",\"dateModified\":\"2026-03-03T03:30:37+00:00\",\"breadcrumb\":{\"@id\":\"https:\/\/labileofficial.com\/en\/product\/collana-helios\/#breadcrumb\"},\"inLanguage\":\"en-US\",\"potentialAction\":[{\"@type\":\"ReadAction\",\"target\":[\"https:\/\/labileofficial.com\/en\/product\/collana-helios\/\"]}]},{\"@type\":\"ImageObject\",\"inLanguage\":\"en-US\",\"@id\":\"https:\/\/labileofficial.com\/en\/product\/collana-helios\/#primaryimage\",\"url\":\"https:\/\/labileofficial.com\/wp-content\/uploads\/2026\/02\/collana-titanis-helios-01.jpg\",\"contentUrl\":\"https:\/\/labileofficial.com\/wp-content\/uploads\/2026\/02\/collana-titanis-helios-01.jpg\",\"width\":2000,\"height\":2000},{\"@type\":\"BreadcrumbList\",\"@id\":\"https:\/\/labileofficial.com\/en\/product\/collana-helios\/#breadcrumb\",\"itemListElement\":[{\"@type\":\"ListItem\",\"position\":1,\"name\":\"Home\",\"item\":\"https:\/\/labileofficial.com\/en\/\"},{\"@type\":\"ListItem\",\"position\":2,\"name\":\"Shop\",\"item\":\"https:\/\/labileofficial.com\/en\/shop\/\"},{\"@type\":\"ListItem\",\"position\":3,\"name\":\"COLLANA HELIOS\"}]},{\"@type\":\"WebSite\",\"@id\":\"https:\/\/labileofficial.com\/en\/#website\",\"url\":\"https:\/\/labileofficial.com\/en\/\",\"name\":\"Labile Official\",\"description\":\"\",\"publisher\":{\"@id\":\"https:\/\/labileofficial.com\/en\/#organization\"},\"potentialAction\":[{\"@type\":\"SearchAction\",\"target\":{\"@type\":\"EntryPoint\",\"urlTemplate\":\"https:\/\/labileofficial.com\/en\/?s={search_term_string}\"},\"query-input\":{\"@type\":\"PropertyValueSpecification\",\"valueRequired\":true,\"valueName\":\"search_term_string\"}}],\"inLanguage\":\"en-US\"},{\"@type\":\"Organization\",\"@id\":\"https:\/\/labileofficial.com\/en\/#organization\",\"name\":\"Labile Official\",\"url\":\"https:\/\/labileofficial.com\/en\/\",\"logo\":{\"@type\":\"ImageObject\",\"inLanguage\":\"en-US\",\"@id\":\"https:\/\/labileofficial.com\/en\/#\/schema\/logo\/image\/\",\"url\":\"https:\/\/labileofficial.com\/wp-content\/uploads\/2025\/03\/logo-labile.jpg\",\"contentUrl\":\"https:\/\/labileofficial.com\/wp-content\/uploads\/2025\/03\/logo-labile.jpg\",\"width\":512,\"height\":512,\"caption\":\"Labile Official\"},\"image\":{\"@id\":\"https:\/\/labileofficial.com\/en\/#\/schema\/logo\/image\/\"},\"sameAs\":[\"https:\/\/www.instagram.com\/lablabile\"]}]}<\/script>\n<!-- \/ Yoast SEO plugin. -->","yoast_head_json":{"title":"COLLANA HELIOS - Labile Official","robots":{"index":"index","follow":"follow","max-snippet":"max-snippet:-1","max-image-preview":"max-image-preview:large","max-video-preview":"max-video-preview:-1"},"canonical":"https:\/\/labileofficial.com\/en\/product\/collana-helios\/","og_locale":"en_US","og_type":"article","og_title":"COLLANA HELIOS - Labile Official","og_description":"Helios \u00e8 la forgia ardente: trasformazione, coraggio, volont\u00e0 che spinge avanti.","og_url":"https:\/\/labileofficial.com\/en\/product\/collana-helios\/","og_site_name":"Labile Official","article_modified_time":"2026-03-03T03:30:37+00:00","og_image":[{"width":2000,"height":2000,"url":"https:\/\/labileofficial.com\/wp-content\/uploads\/2026\/02\/collana-titanis-helios-01.jpg","type":"image\/jpeg"}],"twitter_card":"summary_large_image","twitter_misc":{"Est. reading time":"2 minutes"},"schema":{"@context":"https:\/\/schema.org","@graph":[{"@type":"WebPage","@id":"https:\/\/labileofficial.com\/en\/product\/collana-helios\/","url":"https:\/\/labileofficial.com\/en\/product\/collana-helios\/","name":"COLLANA HELIOS - Labile Official","isPartOf":{"@id":"https:\/\/labileofficial.com\/en\/#website"},"primaryImageOfPage":{"@id":"https:\/\/labileofficial.com\/en\/product\/collana-helios\/#primaryimage"},"image":{"@id":"https:\/\/labileofficial.com\/en\/product\/collana-helios\/#primaryimage"},"thumbnailUrl":"https:\/\/labileofficial.com\/wp-content\/uploads\/2026\/02\/collana-titanis-helios-01.jpg","datePublished":"2026-02-26T01:37:04+00:00","dateModified":"2026-03-03T03:30:37+00:00","breadcrumb":{"@id":"https:\/\/labileofficial.com\/en\/product\/collana-helios\/#breadcrumb"},"inLanguage":"en-US","potentialAction":[{"@type":"ReadAction","target":["https:\/\/labileofficial.com\/en\/product\/collana-helios\/"]}]},{"@type":"ImageObject","inLanguage":"en-US","@id":"https:\/\/labileofficial.com\/en\/product\/collana-helios\/#primaryimage","url":"https:\/\/labileofficial.com\/wp-content\/uploads\/2026\/02\/collana-titanis-helios-01.jpg","contentUrl":"https:\/\/labileofficial.com\/wp-content\/uploads\/2026\/02\/collana-titanis-helios-01.jpg","width":2000,"height":2000},{"@type":"BreadcrumbList","@id":"https:\/\/labileofficial.com\/en\/product\/collana-helios\/#breadcrumb","itemListElement":[{"@type":"ListItem","position":1,"name":"Home","item":"https:\/\/labileofficial.com\/en\/"},{"@type":"ListItem","position":2,"name":"Shop","item":"https:\/\/labileofficial.com\/en\/shop\/"},{"@type":"ListItem","position":3,"name":"COLLANA HELIOS"}]},{"@type":"WebSite","@id":"https:\/\/labileofficial.com\/en\/#website","url":"https:\/\/labileofficial.com\/en\/","name":"Labile Official","description":"","publisher":{"@id":"https:\/\/labileofficial.com\/en\/#organization"},"potentialAction":[{"@type":"SearchAction","target":{"@type":"EntryPoint","urlTemplate":"https:\/\/labileofficial.com\/en\/?s={search_term_string}"},"query-input":{"@type":"PropertyValueSpecification","valueRequired":true,"valueName":"search_term_string"}}],"inLanguage":"en-US"},{"@type":"Organization","@id":"https:\/\/labileofficial.com\/en\/#organization","name":"Labile Official","url":"https:\/\/labileofficial.com\/en\/","logo":{"@type":"ImageObject","inLanguage":"en-US","@id":"https:\/\/labileofficial.com\/en\/#\/schema\/logo\/image\/","url":"https:\/\/labileofficial.com\/wp-content\/uploads\/2025\/03\/logo-labile.jpg","contentUrl":"https:\/\/labileofficial.com\/wp-content\/uploads\/2025\/03\/logo-labile.jpg","width":512,"height":512,"caption":"Labile Official"},"image":{"@id":"https:\/\/labileofficial.com\/en\/#\/schema\/logo\/image\/"},"sameAs":["https:\/\/www.instagram.com\/lablabile"]}]}},"_links":{"self":[{"href":"https:\/\/labileofficial.com\/en\/wp-json\/wp\/v2\/product\/6087","targetHints":{"allow":["GET"]}}],"collection":[{"href":"https:\/\/labileofficial.com\/en\/wp-json\/wp\/v2\/product"}],"about":[{"href":"https:\/\/labileofficial.com\/en\/wp-json\/wp\/v2\/types\/product"}],"version-history":[{"count":9,"href":"https:\/\/labileofficial.com\/en\/wp-json\/wp\/v2\/product\/6087\/revisions"}],"predecessor-version":[{"id":6247,"href":"https:\/\/labileofficial.com\/en\/wp-json\/wp\/v2\/product\/6087\/revisions\/6247"}],"wp:featuredmedia":[{"embeddable":true,"href":"https:\/\/labileofficial.com\/en\/wp-json\/wp\/v2\/media\/6090"}],"wp:attachment":[{"href":"https:\/\/labileofficial.com\/en\/wp-json\/wp\/v2\/media?parent=6087"}],"wp:term":[{"taxonomy":"product_brand","embeddable":true,"href":"https:\/\/labileofficial.com\/en\/wp-json\/wp\/v2\/product_brand?post=6087"},{"taxonomy":"product_cat","embeddable":true,"href":"https:\/\/labileofficial.com\/en\/wp-json\/wp\/v2\/product_cat?post=6087"},{"taxonomy":"product_tag","embeddable":true,"href":"https:\/\/labileofficial.com\/en\/wp-json\/wp\/v2\/product_tag?post=6087"}],"curies":[{"name":"wp","href":"https:\/\/api.w.org\/{rel}","templated":true}]}}