{"id":6197,"date":"2026-03-03T03:14:46","date_gmt":"2026-03-03T02:14:46","guid":{"rendered":"https:\/\/labileofficial.com\/?post_type=product&#038;p=6197"},"modified":"2026-03-03T03:21:08","modified_gmt":"2026-03-03T02:21:08","slug":"anello-infinity-multiring","status":"publish","type":"product","link":"https:\/\/labileofficial.com\/en\/product\/anello-infinity-multiring\/","title":{"rendered":"ANELLO INFINITY MULTIRING"},"content":{"rendered":"\t\t<div data-elementor-type=\"wp-post\" data-elementor-id=\"6197\" class=\"elementor elementor-6197\">\n\t\t\t\t\t\t<section class=\"elementor-section elementor-top-section elementor-element elementor-element-9a45b61 elementor-section-boxed elementor-section-height-default elementor-section-height-default\" data-id=\"9a45b61\" data-element_type=\"section\" data-e-type=\"section\">\n\t\t\t\t\t\t<div class=\"elementor-container elementor-column-gap-default\">\n\t\t\t\t\t<div class=\"elementor-column elementor-col-50 elementor-top-column elementor-element elementor-element-30aa7fb\" data-id=\"30aa7fb\" data-element_type=\"column\" data-e-type=\"column\">\n\t\t\t<div class=\"elementor-widget-wrap elementor-element-populated\">\n\t\t\t\t\t\t<div class=\"elementor-element elementor-element-ac70549 elementor-widget elementor-widget-text-editor\" data-id=\"ac70549\" data-element_type=\"widget\" data-e-type=\"widget\" data-widget_type=\"text-editor.default\">\n\t\t\t\t<div class=\"elementor-widget-container\">\n\t\t\t\t\t\t\t\t\t<p><strong>INFINITY<\/strong> Anello realizzato con la tecnica della microfusione a cera persa in Argento 925 e\/o bagno oro.<\/p>\t\t\t\t\t\t\t\t<\/div>\n\t\t\t\t<\/div>\n\t\t\t\t<div class=\"elementor-element elementor-element-545b9b9 elementor-widget elementor-widget-text-editor\" data-id=\"545b9b9\" data-element_type=\"widget\" data-e-type=\"widget\" data-widget_type=\"text-editor.default\">\n\t\t\t\t<div class=\"elementor-widget-container\">\n\t\t\t\t\t\t\t\t\t<h5>PRODUCT DETAILS<\/h5><ul><li><span lang=\"it\">Made in Italy<\/span><\/li><li>Argento 925 e\/o bagno oro 18k<\/li><\/ul><p>Ogni nostro gioiello \u00e8 <strong>realizzato a mano<\/strong>, rendendo ciascun pezzo <strong>unico nel suo genere<\/strong>. Lavorato artigianalmente, pu\u00f2 presentare lievi differenze che ne esaltano l&#8217;autenticit\u00e0 e la bellezza distintiva.<\/p>\t\t\t\t\t\t\t\t<\/div>\n\t\t\t\t<\/div>\n\t\t\t\t\t<\/div>\n\t\t<\/div>\n\t\t\t\t<div class=\"elementor-column elementor-col-50 elementor-top-column elementor-element elementor-element-c69f8fa\" data-id=\"c69f8fa\" data-element_type=\"column\" data-e-type=\"column\">\n\t\t\t<div class=\"elementor-widget-wrap elementor-element-populated\">\n\t\t\t\t\t\t<div class=\"elementor-element elementor-element-20f6ee3 elementor-widget elementor-widget-image\" data-id=\"20f6ee3\" data-element_type=\"widget\" data-e-type=\"widget\" data-widget_type=\"image.default\">\n\t\t\t\t<div class=\"elementor-widget-container\">\n\t\t\t\t\t\t\t\t\t\t\t\t\t\t\t<img fetchpriority=\"high\" decoding=\"async\" width=\"670\" height=\"490\" src=\"https:\/\/labileofficial.com\/wp-content\/uploads\/2026\/03\/MULTIRING.jpg\" class=\"attachment-large size-large wp-image-6208\" alt=\"\" srcset=\"https:\/\/labileofficial.com\/wp-content\/uploads\/2026\/03\/MULTIRING.jpg 670w, https:\/\/labileofficial.com\/wp-content\/uploads\/2026\/03\/MULTIRING-480x351.jpg 480w\" sizes=\"(max-width: 670px) 100vw, 670px\" \/>\t\t\t\t\t\t\t\t\t\t\t\t\t\t\t<\/div>\n\t\t\t\t<\/div>\n\t\t\t\t\t<\/div>\n\t\t<\/div>\n\t\t\t\t\t<\/div>\n\t\t<\/section>\n\t\t\t\t<section class=\"elementor-section elementor-top-section elementor-element elementor-element-fc4786a elementor-section-boxed elementor-section-height-default elementor-section-height-default\" data-id=\"fc4786a\" data-element_type=\"section\" data-e-type=\"section\">\n\t\t\t\t\t\t<div class=\"elementor-container elementor-column-gap-default\">\n\t\t\t\t\t<div class=\"elementor-column elementor-col-100 elementor-top-column elementor-element elementor-element-8726bd6\" data-id=\"8726bd6\" data-element_type=\"column\" data-e-type=\"column\">\n\t\t\t<div class=\"elementor-widget-wrap elementor-element-populated\">\n\t\t\t\t\t\t<div class=\"elementor-element elementor-element-3d47814 elementor-widget elementor-widget-image\" data-id=\"3d47814\" data-element_type=\"widget\" data-e-type=\"widget\" data-widget_type=\"image.default\">\n\t\t\t\t<div class=\"elementor-widget-container\">\n\t\t\t\t\t\t\t\t\t\t\t\t\t\t\t<img decoding=\"async\" width=\"1370\" height=\"600\" src=\"https:\/\/labileofficial.com\/wp-content\/uploads\/2025\/01\/OMPB21.jpg\" class=\"attachment-full size-full wp-image-1593\" alt=\"\" srcset=\"https:\/\/labileofficial.com\/wp-content\/uploads\/2025\/01\/OMPB21.jpg 1370w, https:\/\/labileofficial.com\/wp-content\/uploads\/2025\/01\/OMPB21-480x210.jpg 480w, https:\/\/labileofficial.com\/wp-content\/uploads\/2025\/01\/OMPB21-1024x448.jpg 1024w, https:\/\/labileofficial.com\/wp-content\/uploads\/2025\/01\/OMPB21-768x336.jpg 768w, https:\/\/labileofficial.com\/wp-content\/uploads\/2025\/01\/OMPB21-800x350.jpg 800w\" sizes=\"(max-width: 1370px) 100vw, 1370px\" \/>\t\t\t\t\t\t\t\t\t\t\t\t\t\t\t<\/div>\n\t\t\t\t<\/div>\n\t\t\t\t\t<\/div>\n\t\t<\/div>\n\t\t\t\t\t<\/div>\n\t\t<\/section>\n\t\t\t\t<section class=\"elementor-section elementor-top-section elementor-element elementor-element-f36d449 elementor-reverse-mobile elementor-section-boxed elementor-section-height-default elementor-section-height-default\" data-id=\"f36d449\" data-element_type=\"section\" data-e-type=\"section\">\n\t\t\t\t\t\t<div class=\"elementor-container elementor-column-gap-default\">\n\t\t\t\t\t<div class=\"elementor-column elementor-col-100 elementor-top-column elementor-element elementor-element-35725e0\" data-id=\"35725e0\" data-element_type=\"column\" data-e-type=\"column\">\n\t\t\t<div class=\"elementor-widget-wrap elementor-element-populated\">\n\t\t\t\t\t\t<div class=\"elementor-element elementor-element-67588d9 elementor-widget elementor-widget-shortcode\" data-id=\"67588d9\" data-element_type=\"widget\" data-e-type=\"widget\" data-widget_type=\"shortcode.default\">\n\t\t\t\t<div class=\"elementor-widget-container\">\n\t\t\t\t\t\t\t<div class=\"elementor-shortcode\"><div class=\"pls-block pls-block-6172\">\t\t<div data-elementor-type=\"wp-post\" data-elementor-id=\"6172\" class=\"elementor elementor-6172 elementor-6167 elementor-6167\">\n\t\t\t\t\t\t<section class=\"elementor-section elementor-top-section elementor-element elementor-element-e87e794 elementor-reverse-mobile elementor-section-boxed elementor-section-height-default elementor-section-height-default\" data-id=\"e87e794\" data-element_type=\"section\" data-e-type=\"section\">\n\t\t\t\t\t\t<div class=\"elementor-container elementor-column-gap-default\">\n\t\t\t\t\t<div class=\"elementor-column elementor-col-100 elementor-top-column elementor-element elementor-element-8c370cc\" data-id=\"8c370cc\" data-element_type=\"column\" data-e-type=\"column\">\n\t\t\t<div class=\"elementor-widget-wrap elementor-element-populated\">\n\t\t\t\t\t\t<div class=\"elementor-element elementor-element-c6698f3 elementor-widget elementor-widget-pls-heading\" data-id=\"c6698f3\" data-element_type=\"widget\" data-e-type=\"widget\" data-widget_type=\"pls-heading.default\">\n\t\t\t\t<div class=\"elementor-widget-container\">\n\t\t\t\t\t<div id=\"pls-header-63927\" class=\"pls-element pls-heading pls-text-center separator-none\">\t\n\t\t\t\n\t\t\t<div class=\"heading-wrap\">\n\t\t\t<span class=\"separator-left\"><\/span>\n\t\t\t<h1 class=\"heading-title\">LINEA INFINITY<\/h1>\t\t\t<span class=\"separator-right\"><\/span>\n\t\t\t\t\t<\/div>\n\t\t\n    <\/div>\t\t\t\t<\/div>\n\t\t\t\t<\/div>\n\t\t\t\t\t<\/div>\n\t\t<\/div>\n\t\t\t\t\t<\/div>\n\t\t<\/section>\n\t\t\t\t<section class=\"elementor-section elementor-top-section elementor-element elementor-element-e361240 elementor-reverse-mobile elementor-section-boxed elementor-section-height-default elementor-section-height-default\" data-id=\"e361240\" data-element_type=\"section\" data-e-type=\"section\">\n\t\t\t\t\t\t<div class=\"elementor-container elementor-column-gap-default\">\n\t\t\t\t\t<div class=\"elementor-column elementor-col-50 elementor-top-column elementor-element elementor-element-3113010\" data-id=\"3113010\" data-element_type=\"column\" data-e-type=\"column\">\n\t\t\t<div class=\"elementor-widget-wrap elementor-element-populated\">\n\t\t\t\t\t\t<div class=\"elementor-element elementor-element-4a76cc0 elementor-widget elementor-widget-image\" data-id=\"4a76cc0\" data-element_type=\"widget\" data-e-type=\"widget\" data-widget_type=\"image.default\">\n\t\t\t\t<div class=\"elementor-widget-container\">\n\t\t\t\t\t\t\t\t\t\t\t\t\t\t\t<img decoding=\"async\" width=\"576\" height=\"576\" src=\"https:\/\/labileofficial.com\/wp-content\/uploads\/2026\/03\/infinity2-576x576.jpg\" class=\"attachment-large size-large wp-image-6160\" alt=\"\" srcset=\"https:\/\/labileofficial.com\/wp-content\/uploads\/2026\/03\/infinity2-576x576.jpg 576w, https:\/\/labileofficial.com\/wp-content\/uploads\/2026\/03\/infinity2-360x360.jpg 360w, https:\/\/labileofficial.com\/wp-content\/uploads\/2026\/03\/infinity2-150x150.jpg 150w, https:\/\/labileofficial.com\/wp-content\/uploads\/2026\/03\/infinity2-768x768.jpg 768w, https:\/\/labileofficial.com\/wp-content\/uploads\/2026\/03\/infinity2-1536x1536.jpg 1536w, https:\/\/labileofficial.com\/wp-content\/uploads\/2026\/03\/infinity2-650x650.jpg 650w, https:\/\/labileofficial.com\/wp-content\/uploads\/2026\/03\/infinity2-1300x1300.jpg 1300w, https:\/\/labileofficial.com\/wp-content\/uploads\/2026\/03\/infinity2-800x800.jpg 800w, https:\/\/labileofficial.com\/wp-content\/uploads\/2026\/03\/infinity2.jpg 2048w\" sizes=\"(max-width: 576px) 100vw, 576px\" \/>\t\t\t\t\t\t\t\t\t\t\t\t\t\t\t<\/div>\n\t\t\t\t<\/div>\n\t\t\t\t\t<\/div>\n\t\t<\/div>\n\t\t\t\t<div class=\"elementor-column elementor-col-50 elementor-top-column elementor-element elementor-element-98c1082\" data-id=\"98c1082\" data-element_type=\"column\" data-e-type=\"column\">\n\t\t\t<div class=\"elementor-widget-wrap elementor-element-populated\">\n\t\t\t\t\t\t<div class=\"elementor-element elementor-element-6d73998 elementor-widget elementor-widget-text-editor\" data-id=\"6d73998\" data-element_type=\"widget\" data-e-type=\"widget\" data-widget_type=\"text-editor.default\">\n\t\t\t\t<div class=\"elementor-widget-container\">\n\t\t\t\t\t\t\t\t\t<p><strong>INFINITY<br \/><\/strong>Un filo tra mondi<\/p><p>C\u2019\u00e8 un confine sottile tra ci\u00f2 che passa e ci\u00f2 che resta.<br \/>Un punto in cui il tempo non si interrompe, ma si piega, si ripete, ritorna.<br \/>\u00c8 l\u00ec che nasce Infinity: una linea di anelli ed earcuff sospesa tra l\u2019effimero e l\u2019eterno, come un respiro trattenuto prima di diventare voce.<\/p><p>I gioielli Infinity sono disegnati come un filo continuo di metallo, un\u2019unica linea che scorre e si avvolge fino a formare il simbolo dell\u2019infinito.<br \/>Nessun inizio dichiarato. Nessuna fine.<br \/>Solo il movimento fluido della materia, come se il metallo stesse ancora danzando sotto le dita di chi lo ha creato.<\/p><p>Infinity \u00e8 un simbolo di legami che non si spezzano, di cicli che si trasformano senza perdere significato, di percorsi che si intrecciano, si allontanano, e poi tornano a incontrarsi. Perch\u00e9 ci\u00f2 che non ha fine non \u00e8 solo eterno: \u00e8 vivo.<br \/>\u00c8 memoria che muta, emozione che evolve, identit\u00e0 che si riscrive senza cancellarsi.<\/p><p>Ogni pezzo Infinity \u00e8 essenziale, leggero, quasi etereo \u2014 eppure presente.<br \/>Un segno da indossare ogni giorno, per ricordare che anche ci\u00f2 che cambia pu\u00f2 durare per sempre.<\/p><p>Un filo. Un gesto. Una continuit\u00e0.<\/p>\t\t\t\t\t\t\t\t<\/div>\n\t\t\t\t<\/div>\n\t\t\t\t\t<\/div>\n\t\t<\/div>\n\t\t\t\t\t<\/div>\n\t\t<\/section>\n\t\t\t\t<\/div>\n\t\t<\/div><\/div>\n\t\t\t\t\t\t<\/div>\n\t\t\t\t<\/div>\n\t\t\t\t\t<\/div>\n\t\t<\/div>\n\t\t\t\t\t<\/div>\n\t\t<\/section>\n\t\t\t\t<\/div>\n\t\t","protected":false},"excerpt":{"rendered":"<p>Percorsi che si intrecciano per tornare ad incontrarsi<\/p>\n","protected":false},"featured_media":6202,"template":"","meta":{"_acf_changed":false},"product_brand":[],"product_cat":[252,70,71,85],"product_tag":[],"class_list":{"0":"post-6197","1":"product","2":"type-product","3":"status-publish","4":"has-post-thumbnail","6":"product_cat-infinity","7":"product_cat-anelli","8":"product_cat-collezioni","9":"product_cat-essentials","11":"first","12":"instock","13":"featured","14":"shipping-taxable","15":"purchasable","16":"product-type-variable","17":"has-default-attributes","18":"add-to-wishlist-after_add_to_cart"},"acf":[],"yoast_head":"<!-- This site is optimized with the Yoast SEO plugin v27.0 - https:\/\/yoast.com\/product\/yoast-seo-wordpress\/ -->\n<title>ANELLO INFINITY MULTIRING - Labile Official<\/title>\n<meta name=\"robots\" content=\"index, follow, max-snippet:-1, max-image-preview:large, max-video-preview:-1\" \/>\n<link rel=\"canonical\" href=\"https:\/\/labileofficial.com\/en\/product\/anello-infinity-multiring\/\" \/>\n<meta property=\"og:locale\" content=\"en_US\" \/>\n<meta property=\"og:type\" content=\"article\" \/>\n<meta property=\"og:title\" content=\"ANELLO INFINITY MULTIRING - Labile Official\" \/>\n<meta property=\"og:description\" content=\"Percorsi che si intrecciano per tornare ad incontrarsi\" \/>\n<meta property=\"og:url\" content=\"https:\/\/labileofficial.com\/en\/product\/anello-infinity-multiring\/\" \/>\n<meta property=\"og:site_name\" content=\"Labile Official\" \/>\n<meta property=\"article:modified_time\" content=\"2026-03-03T02:21:08+00:00\" \/>\n<meta property=\"og:image\" content=\"https:\/\/labileofficial.com\/wp-content\/uploads\/2026\/03\/infinity-multiring-oro-02.jpg\" \/>\n\t<meta property=\"og:image:width\" content=\"2000\" \/>\n\t<meta property=\"og:image:height\" content=\"2000\" \/>\n\t<meta property=\"og:image:type\" content=\"image\/jpeg\" \/>\n<meta name=\"twitter:card\" content=\"summary_large_image\" \/>\n<meta name=\"twitter:label1\" content=\"Est. reading time\" \/>\n\t<meta name=\"twitter:data1\" content=\"2 minutes\" \/>\n<script type=\"application\/ld+json\" class=\"yoast-schema-graph\">{\"@context\":\"https:\/\/schema.org\",\"@graph\":[{\"@type\":\"WebPage\",\"@id\":\"https:\/\/labileofficial.com\/en\/product\/anello-infinity-multiring\/\",\"url\":\"https:\/\/labileofficial.com\/en\/product\/anello-infinity-multiring\/\",\"name\":\"ANELLO INFINITY MULTIRING - Labile Official\",\"isPartOf\":{\"@id\":\"https:\/\/labileofficial.com\/en\/#website\"},\"primaryImageOfPage\":{\"@id\":\"https:\/\/labileofficial.com\/en\/product\/anello-infinity-multiring\/#primaryimage\"},\"image\":{\"@id\":\"https:\/\/labileofficial.com\/en\/product\/anello-infinity-multiring\/#primaryimage\"},\"thumbnailUrl\":\"https:\/\/labileofficial.com\/wp-content\/uploads\/2026\/03\/infinity-multiring-oro-02.jpg\",\"datePublished\":\"2026-03-03T02:14:46+00:00\",\"dateModified\":\"2026-03-03T02:21:08+00:00\",\"breadcrumb\":{\"@id\":\"https:\/\/labileofficial.com\/en\/product\/anello-infinity-multiring\/#breadcrumb\"},\"inLanguage\":\"en-US\",\"potentialAction\":[{\"@type\":\"ReadAction\",\"target\":[\"https:\/\/labileofficial.com\/en\/product\/anello-infinity-multiring\/\"]}]},{\"@type\":\"ImageObject\",\"inLanguage\":\"en-US\",\"@id\":\"https:\/\/labileofficial.com\/en\/product\/anello-infinity-multiring\/#primaryimage\",\"url\":\"https:\/\/labileofficial.com\/wp-content\/uploads\/2026\/03\/infinity-multiring-oro-02.jpg\",\"contentUrl\":\"https:\/\/labileofficial.com\/wp-content\/uploads\/2026\/03\/infinity-multiring-oro-02.jpg\",\"width\":2000,\"height\":2000},{\"@type\":\"BreadcrumbList\",\"@id\":\"https:\/\/labileofficial.com\/en\/product\/anello-infinity-multiring\/#breadcrumb\",\"itemListElement\":[{\"@type\":\"ListItem\",\"position\":1,\"name\":\"Home\",\"item\":\"https:\/\/labileofficial.com\/en\/\"},{\"@type\":\"ListItem\",\"position\":2,\"name\":\"Shop\",\"item\":\"https:\/\/labileofficial.com\/en\/shop\/\"},{\"@type\":\"ListItem\",\"position\":3,\"name\":\"ANELLO INFINITY MULTIRING\"}]},{\"@type\":\"WebSite\",\"@id\":\"https:\/\/labileofficial.com\/en\/#website\",\"url\":\"https:\/\/labileofficial.com\/en\/\",\"name\":\"Labile Official\",\"description\":\"\",\"publisher\":{\"@id\":\"https:\/\/labileofficial.com\/en\/#organization\"},\"potentialAction\":[{\"@type\":\"SearchAction\",\"target\":{\"@type\":\"EntryPoint\",\"urlTemplate\":\"https:\/\/labileofficial.com\/en\/?s={search_term_string}\"},\"query-input\":{\"@type\":\"PropertyValueSpecification\",\"valueRequired\":true,\"valueName\":\"search_term_string\"}}],\"inLanguage\":\"en-US\"},{\"@type\":\"Organization\",\"@id\":\"https:\/\/labileofficial.com\/en\/#organization\",\"name\":\"Labile Official\",\"url\":\"https:\/\/labileofficial.com\/en\/\",\"logo\":{\"@type\":\"ImageObject\",\"inLanguage\":\"en-US\",\"@id\":\"https:\/\/labileofficial.com\/en\/#\/schema\/logo\/image\/\",\"url\":\"https:\/\/labileofficial.com\/wp-content\/uploads\/2025\/03\/logo-labile.jpg\",\"contentUrl\":\"https:\/\/labileofficial.com\/wp-content\/uploads\/2025\/03\/logo-labile.jpg\",\"width\":512,\"height\":512,\"caption\":\"Labile Official\"},\"image\":{\"@id\":\"https:\/\/labileofficial.com\/en\/#\/schema\/logo\/image\/\"},\"sameAs\":[\"https:\/\/www.instagram.com\/lablabile\"]}]}<\/script>\n<!-- \/ Yoast SEO plugin. -->","yoast_head_json":{"title":"ANELLO INFINITY MULTIRING - Labile Official","robots":{"index":"index","follow":"follow","max-snippet":"max-snippet:-1","max-image-preview":"max-image-preview:large","max-video-preview":"max-video-preview:-1"},"canonical":"https:\/\/labileofficial.com\/en\/product\/anello-infinity-multiring\/","og_locale":"en_US","og_type":"article","og_title":"ANELLO INFINITY MULTIRING - Labile Official","og_description":"Percorsi che si intrecciano per tornare ad incontrarsi","og_url":"https:\/\/labileofficial.com\/en\/product\/anello-infinity-multiring\/","og_site_name":"Labile Official","article_modified_time":"2026-03-03T02:21:08+00:00","og_image":[{"width":2000,"height":2000,"url":"https:\/\/labileofficial.com\/wp-content\/uploads\/2026\/03\/infinity-multiring-oro-02.jpg","type":"image\/jpeg"}],"twitter_card":"summary_large_image","twitter_misc":{"Est. reading time":"2 minutes"},"schema":{"@context":"https:\/\/schema.org","@graph":[{"@type":"WebPage","@id":"https:\/\/labileofficial.com\/en\/product\/anello-infinity-multiring\/","url":"https:\/\/labileofficial.com\/en\/product\/anello-infinity-multiring\/","name":"ANELLO INFINITY MULTIRING - Labile Official","isPartOf":{"@id":"https:\/\/labileofficial.com\/en\/#website"},"primaryImageOfPage":{"@id":"https:\/\/labileofficial.com\/en\/product\/anello-infinity-multiring\/#primaryimage"},"image":{"@id":"https:\/\/labileofficial.com\/en\/product\/anello-infinity-multiring\/#primaryimage"},"thumbnailUrl":"https:\/\/labileofficial.com\/wp-content\/uploads\/2026\/03\/infinity-multiring-oro-02.jpg","datePublished":"2026-03-03T02:14:46+00:00","dateModified":"2026-03-03T02:21:08+00:00","breadcrumb":{"@id":"https:\/\/labileofficial.com\/en\/product\/anello-infinity-multiring\/#breadcrumb"},"inLanguage":"en-US","potentialAction":[{"@type":"ReadAction","target":["https:\/\/labileofficial.com\/en\/product\/anello-infinity-multiring\/"]}]},{"@type":"ImageObject","inLanguage":"en-US","@id":"https:\/\/labileofficial.com\/en\/product\/anello-infinity-multiring\/#primaryimage","url":"https:\/\/labileofficial.com\/wp-content\/uploads\/2026\/03\/infinity-multiring-oro-02.jpg","contentUrl":"https:\/\/labileofficial.com\/wp-content\/uploads\/2026\/03\/infinity-multiring-oro-02.jpg","width":2000,"height":2000},{"@type":"BreadcrumbList","@id":"https:\/\/labileofficial.com\/en\/product\/anello-infinity-multiring\/#breadcrumb","itemListElement":[{"@type":"ListItem","position":1,"name":"Home","item":"https:\/\/labileofficial.com\/en\/"},{"@type":"ListItem","position":2,"name":"Shop","item":"https:\/\/labileofficial.com\/en\/shop\/"},{"@type":"ListItem","position":3,"name":"ANELLO INFINITY MULTIRING"}]},{"@type":"WebSite","@id":"https:\/\/labileofficial.com\/en\/#website","url":"https:\/\/labileofficial.com\/en\/","name":"Labile Official","description":"","publisher":{"@id":"https:\/\/labileofficial.com\/en\/#organization"},"potentialAction":[{"@type":"SearchAction","target":{"@type":"EntryPoint","urlTemplate":"https:\/\/labileofficial.com\/en\/?s={search_term_string}"},"query-input":{"@type":"PropertyValueSpecification","valueRequired":true,"valueName":"search_term_string"}}],"inLanguage":"en-US"},{"@type":"Organization","@id":"https:\/\/labileofficial.com\/en\/#organization","name":"Labile Official","url":"https:\/\/labileofficial.com\/en\/","logo":{"@type":"ImageObject","inLanguage":"en-US","@id":"https:\/\/labileofficial.com\/en\/#\/schema\/logo\/image\/","url":"https:\/\/labileofficial.com\/wp-content\/uploads\/2025\/03\/logo-labile.jpg","contentUrl":"https:\/\/labileofficial.com\/wp-content\/uploads\/2025\/03\/logo-labile.jpg","width":512,"height":512,"caption":"Labile Official"},"image":{"@id":"https:\/\/labileofficial.com\/en\/#\/schema\/logo\/image\/"},"sameAs":["https:\/\/www.instagram.com\/lablabile"]}]}},"_links":{"self":[{"href":"https:\/\/labileofficial.com\/en\/wp-json\/wp\/v2\/product\/6197","targetHints":{"allow":["GET"]}}],"collection":[{"href":"https:\/\/labileofficial.com\/en\/wp-json\/wp\/v2\/product"}],"about":[{"href":"https:\/\/labileofficial.com\/en\/wp-json\/wp\/v2\/types\/product"}],"version-history":[{"count":4,"href":"https:\/\/labileofficial.com\/en\/wp-json\/wp\/v2\/product\/6197\/revisions"}],"predecessor-version":[{"id":6212,"href":"https:\/\/labileofficial.com\/en\/wp-json\/wp\/v2\/product\/6197\/revisions\/6212"}],"wp:featuredmedia":[{"embeddable":true,"href":"https:\/\/labileofficial.com\/en\/wp-json\/wp\/v2\/media\/6202"}],"wp:attachment":[{"href":"https:\/\/labileofficial.com\/en\/wp-json\/wp\/v2\/media?parent=6197"}],"wp:term":[{"taxonomy":"product_brand","embeddable":true,"href":"https:\/\/labileofficial.com\/en\/wp-json\/wp\/v2\/product_brand?post=6197"},{"taxonomy":"product_cat","embeddable":true,"href":"https:\/\/labileofficial.com\/en\/wp-json\/wp\/v2\/product_cat?post=6197"},{"taxonomy":"product_tag","embeddable":true,"href":"https:\/\/labileofficial.com\/en\/wp-json\/wp\/v2\/product_tag?post=6197"}],"curies":[{"name":"wp","href":"https:\/\/api.w.org\/{rel}","templated":true}]}}